{"id":24242,"date":"2023-10-20T18:25:36","date_gmt":"2023-10-20T18:25:36","guid":{"rendered":"https:\/\/aniviolina.com\/%d8%b3%d9%8a%d8%a7%d8%b3%d8%a9-%d8%a7%d9%84%d8%a7%d8%b3%d8%aa%d8%b1%d8%af%d8%a7%d8%af-%d9%88%d8%a7%d9%84%d8%a5%d8%b1%d8%ac%d8%a7%d8%b9\/"},"modified":"2024-01-16T09:23:12","modified_gmt":"2024-01-16T09:23:12","slug":"%d8%b3%d9%8a%d8%a7%d8%b3%d8%a9-%d8%a7%d9%84%d8%a7%d8%b3%d8%aa%d8%b1%d8%af%d8%a7%d8%af-%d9%88%d8%a7%d9%84%d8%a5%d8%b1%d8%ac%d8%a7%d8%b9","status":"publish","type":"page","link":"https:\/\/aniviolina.com\/ar\/%d8%b3%d9%8a%d8%a7%d8%b3%d8%a9-%d8%a7%d9%84%d8%a7%d8%b3%d8%aa%d8%b1%d8%af%d8%a7%d8%af-%d9%88%d8%a7%d9%84%d8%a5%d8%b1%d8%ac%d8%a7%d8%b9\/","title":{"rendered":"\u0633\u064a\u0627\u0633\u0629 \u0627\u0644\u0627\u0633\u062a\u0631\u062f\u0627\u062f \u0648\u0627\u0644\u0625\u0631\u062c\u0627\u0639"},"content":{"rendered":"\t\t<div data-elementor-type=\"wp-page\" data-elementor-id=\"24242\" class=\"elementor elementor-24242 elementor-17\">\n\t\t\t\t\t\t\t\t\t<section class=\"ob-is-breaking-bad elementor-section elementor-top-section elementor-element elementor-element-51c53eb8 elementor-section-boxed elementor-section-height-default elementor-section-height-default\" data-id=\"51c53eb8\" data-element_type=\"section\" data-settings=\"{&quot;_ob_bbad_use_it&quot;:&quot;yes&quot;,&quot;_ob_bbad_sssic_use&quot;:&quot;no&quot;,&quot;_ob_glider_is_slider&quot;:&quot;no&quot;,&quot;_ha_eqh_enable&quot;:false}\">\n\t\t\t\t\t\t<div class=\"elementor-container elementor-column-gap-default\">\n\t\t\t\t\t<div class=\"elementor-column elementor-col-100 elementor-top-column elementor-element elementor-element-58d231c2\" data-id=\"58d231c2\" data-element_type=\"column\" data-settings=\"{&quot;_ob_bbad_is_stalker&quot;:&quot;no&quot;,&quot;_ob_teleporter_use&quot;:false,&quot;_ob_column_hoveranimator&quot;:&quot;no&quot;,&quot;_ob_column_has_pseudo&quot;:&quot;no&quot;}\">\n\t\t\t<div class=\"elementor-widget-wrap elementor-element-populated\">\n\t\t\t\t\t\t\t\t<div class=\"elementor-element elementor-element-6146bc20 elementor-widget__width-initial ob-harakiri-inherit ob-has-background-overlay elementor-widget elementor-widget-text-editor\" data-id=\"6146bc20\" data-element_type=\"widget\" data-settings=\"{&quot;_ob_use_harakiri&quot;:&quot;yes&quot;,&quot;_ob_harakiri_writing_mode&quot;:&quot;inherit&quot;,&quot;_ob_postman_use&quot;:&quot;no&quot;,&quot;_ob_perspektive_use&quot;:&quot;no&quot;,&quot;_ob_poopart_use&quot;:&quot;yes&quot;,&quot;_ob_shadough_use&quot;:&quot;no&quot;,&quot;_ob_allow_hoveranimator&quot;:&quot;no&quot;,&quot;_ob_widget_stalker_use&quot;:&quot;no&quot;}\" data-widget_type=\"text-editor.default\">\n\t\t\t\t<div class=\"elementor-widget-container\">\n\t\t\t<style>\/*! elementor - v3.16.0 - 17-10-2023 *\/\n.elementor-widget-text-editor.elementor-drop-cap-view-stacked .elementor-drop-cap{background-color:#69727d;color:#fff}.elementor-widget-text-editor.elementor-drop-cap-view-framed .elementor-drop-cap{color:#69727d;border:3px solid;background-color:transparent}.elementor-widget-text-editor:not(.elementor-drop-cap-view-default) .elementor-drop-cap{margin-top:8px}.elementor-widget-text-editor:not(.elementor-drop-cap-view-default) .elementor-drop-cap-letter{width:1em;height:1em}.elementor-widget-text-editor .elementor-drop-cap{float:right;text-align:center;line-height:1;font-size:50px}.elementor-widget-text-editor .elementor-drop-cap-letter{display:inline-block}<\/style>\t\t\t\t<p><\/p>\n<p><b>1<\/b> &#8211; \u00dcr\u00fcn\u00fcn iade s\u00fcresi elinize ula\u015ft\u0131ktan sonra 15 g\u00fcnd\u00fcr.<\/p>\n<p>2 &#8211; \u0625\u064a\u062f\u064a\u0646\u064a\u0646 \u0643\u0627\u0628\u0648\u0644 edilebilmesi i\u00e7in \u00fcr\u00fcn\u00fcn\u061b<\/p>\n<p>&nbsp; &nbsp;&#8211; Paketi hasar g\u00f6rmemi\u015f ve kullan\u0131lmam\u0131\u015f olmas\u0131<\/p>\n<p>&nbsp; &nbsp;&#8211; T\u00fcm axesuarlar\u0131 ve original kutusu ile beraber iade edilmesi gerekmektedir.<\/p>\n<p>3 &#8211; A\u015fa\u011f\u0131daki \u00fcr\u00fcnlerin iadesinin kabul edilebilmesi i\u00e7in ur\u00fcn\u00fcn ambalaj\u0131 a\u00e7\u0131lmam\u0131\u015f, denenmemi\u015f, bozulmam\u0131\u015f ve kullan\u0131lmam\u0131\u015f olmas\u0131 gerekmektedir.<\/p>\n<p>&nbsp; &nbsp;&#8211;&nbsp; \u0645\u0633\u062a\u062d\u0636\u0631\u0627\u062a \u0627\u0644\u062a\u062c\u0645\u064a\u0644 \u0648\u0627\u0644\u0645\u0633\u062a\u062d\u0636\u0631\u0627\u062a \u0627\u0644\u062a\u062c\u0645\u064a\u0644\u064a\u0629 (\u0645\u0633\u062a\u062d\u0636\u0631\u0627\u062a \u0627\u0644\u062a\u062c\u0645\u064a\u0644 \u0648\u0627\u0644\u0645\u0633\u062a\u062d\u0636\u0631\u0627\u062a \u0627\u0644\u062a\u062c\u0645\u064a\u0644\u064a\u0629\u060c \u0627\u0644\u0639\u0637\u0648\u0631\u060c \u0645\u0627\u0643\u064a\u0646\u0629 \u0625\u0632\u0627\u0644\u0629 \u0627\u0644\u0634\u0639\u0631\u060c \u0645\u0627\u0643\u064a\u0646\u0629 \u0625\u0632\u0627\u0644\u0629 \u0627\u0644\u0634\u0639\u0631\u060c \u0643\u0648\u0644\u0627\u0643\u0644\u064a\u0643\u060c \u0645\u0633\u062a\u062d\u0636\u0631\u0627\u062a \u0627\u0644\u062a\u062c\u0645\u064a\u0644\u060c \u0627\u0644\u0645\u0627\u064a\u0648\u0646\u064a\u0632\u060c \u0628\u064a\u0643\u064a\u0646\u064a vb.)<\/p>\n<p>&nbsp; &nbsp;&#8211;&nbsp;&nbsp; \u0627\u0644\u0646\u0633\u062e \u0648\u0627\u0644\u0628\u0631\u0645\u062c\u0629 (DVD\u060c VCD\u060c CD\u060c kasetler vb.)<\/p>\n<p>&nbsp; &nbsp;&#8211;&nbsp;&nbsp; Kitap ve k\u0131rtasiye sarf malzemeleri (\u062a\u0648\u0646\u0631\u060c \u0643\u0627\u0631\u062a\u0648\u0634\u060c \u0634\u064a\u0631\u064a\u062a vb.)<\/p>\n<p>4 &#8211; Tek kullan\u0131ml\u0131k \u00fcr\u00fcnlerin ve h\u0131zl\u0131 bozulan veya son kullanma tarihi ge\u00e7me ihtimali olan \u00fcr\u00fcnlerin iadesi kabul edilmemektedir.<\/p>\n<p>5 &#8211; Kurulum gerektiren \u00fcr\u00fcnler Yetkili servis bilgisi olmadan a\u00e7\u0131l\u0131rsa iade kapsam\u0131 d\u0131\u015f\u0131nda kal\u0131r.<\/p>\n<p>&nbsp; &nbsp;&#8211; \u0628\u064a\u0627\u0632 \u0625\u0634\u064a\u0627 (buzdolab\u0131\u060c bula\u015f\u0131k makinesi\u060c \u00e7ama\u015f\u0131r makinesi)<\/p>\n<p>&nbsp; &nbsp;&#8211; \u0641\u064a\u0631\u064a\u0646\u0644\u0627\u0631 (\u063a\u0627\u0632\u060c \u0625\u0644\u064a\u0643\u062a\u0631\u064a\u0643\u060c \u0645\u064a\u0643\u0631\u0648\u062f\u0627\u0644\u062c\u0627)<\/p>\n<p>&nbsp; &nbsp;&#8211; Set \u00fcst\u00fc ocaklar, aspirat\u00f6rler, \u00fct\u00fcler, vantilat\u00f6r, \u0131s\u0131t\u0131c\u0131lar, so\u011futucular<\/p>\n<p>&nbsp; &nbsp;&#8211; \u0627\u0644\u062a\u0644\u0641\u0627\u0632<\/p>\n<p>&nbsp; &nbsp;&#8211; Bu \u00fcr\u00fcnlerin kutu a\u00e7\u0131l\u0131\u015f\u0131nda Herhangi bir hasar\/kusur tespit edilirse, \u00fcr\u00fcn\u00fc iade edebilmek i\u00e7in Yetkili servis \u00e7al\u0131\u015fanlar\u0131na durum tespit tutana\u011f\u0131 doldurtman\u0131z gerekir (Tutanakta sorunun detal\u0131 a\u00e7\u0131kland\u0131\u011f\u0131ndan emin olunuz!). Bu belgeyi ald\u0131ktan sonra \u00fcr\u00fcn\u00fc iade edebilirsiniz.<\/p>\n<p>6 &#8211; Finansal piyasalardaki dalgalanmalara ba\u011fl\u0131 olan ve sat\u0131c\u0131n\u0131n kontrol\u00fcnde olmayan\u060c fiyat\u0131 de\u011fi\u015fiklik g\u00f6steren mal veya hizmetler i\u00e7in cayma hakk\u0131&nbsp; &nbsp; &nbsp; &nbsp; &nbsp; &nbsp; &nbsp; &nbsp; &nbsp; &nbsp; &nbsp; &nbsp; &nbsp; &nbsp; &nbsp; &nbsp;kullan\u0131lamaz. (alt\u0131n\u060c g\u00fcm\u00fc\u015f vb.)<\/p>\n<p><\/p>\t\t\t\t\t\t<\/div>\n\t\t\t\t<\/div>\n\t\t\t\t\t<\/div>\n\t\t<\/div>\n\t\t\t\t\t\t\t<\/div>\n\t\t<\/section>\n\t\t\t\t\t\t\t<\/div>\n\t\t","protected":false},"excerpt":{"rendered":"<p>1 &#8211; \u00dcr\u00fcn\u00fcn iade s\u00fcresi elinize ula\u015ft\u0131ktan sonra 15 g\u00fcnd\u00fcr. 2 &#8211; \u0625\u064a\u062f\u064a\u0646\u064a\u0646 \u0643\u0627\u0628\u0648\u0644 edilebilmesi i\u00e7in \u00fcr\u00fcn\u00fcn\u061b &nbsp; &nbsp;&#8211; Paketi hasar g\u00f6rmemi\u015f ve kullan\u0131lmam\u0131\u015f olmas\u0131 &nbsp; &nbsp;&#8211; T\u00fcm axesuarlar\u0131 ve original kutusu ile beraber iade edilmesi gerekmektedir. 3 &#8211; A\u015fa\u011f\u0131daki \u00fcr\u00fcnlerin iadesinin kabul edilebilmesi i\u00e7in ur\u00fcn\u00fcn ambalaj\u0131 a\u00e7\u0131lmam\u0131\u015f, denenmemi\u015f, bozulmam\u0131\u015f ve kullan\u0131lmam\u0131\u015f olmas\u0131 gerekmektedir. &nbsp; [&hellip;]<\/p>\n","protected":false},"author":10,"featured_media":0,"parent":0,"menu_order":0,"comment_status":"closed","ping_status":"closed","template":"","meta":[],"_links":{"self":[{"href":"https:\/\/aniviolina.com\/ar\/wp-json\/wp\/v2\/pages\/24242"}],"collection":[{"href":"https:\/\/aniviolina.com\/ar\/wp-json\/wp\/v2\/pages"}],"about":[{"href":"https:\/\/aniviolina.com\/ar\/wp-json\/wp\/v2\/types\/page"}],"author":[{"embeddable":true,"href":"https:\/\/aniviolina.com\/ar\/wp-json\/wp\/v2\/users\/10"}],"replies":[{"embeddable":true,"href":"https:\/\/aniviolina.com\/ar\/wp-json\/wp\/v2\/comments?post=24242"}],"version-history":[{"count":9,"href":"https:\/\/aniviolina.com\/ar\/wp-json\/wp\/v2\/pages\/24242\/revisions"}],"predecessor-version":[{"id":24281,"href":"https:\/\/aniviolina.com\/ar\/wp-json\/wp\/v2\/pages\/24242\/revisions\/24281"}],"wp:attachment":[{"href":"https:\/\/aniviolina.com\/ar\/wp-json\/wp\/v2\/media?parent=24242"}],"curies":[{"name":"wp","href":"https:\/\/api.w.org\/{rel}","templated":true}]}}