{"id":24079,"date":"2023-11-06T14:48:50","date_gmt":"2023-11-06T14:48:50","guid":{"rendered":"https:\/\/aniviolina.com\/hakkimizda\/"},"modified":"2023-11-06T14:48:50","modified_gmt":"2023-11-06T14:48:50","slug":"hakkimizda","status":"publish","type":"page","link":"https:\/\/aniviolina.com\/tr\/hakkimizda\/","title":{"rendered":"Hakk\u0131m\u0131zda &#8230;"},"content":{"rendered":"<p>bu i\u015f 2022&#8217;de ba\u015flad\u0131<br \/>\nkaliteyi m\u00fc\u015fteriyle bulu\u015fturmay\u0131 hedefler<br \/>\ngiysi kozmetik aksesuar ve daha fazlas\u0131 \u00fczerinde \u00e7al\u0131\u015f\u0131n<br \/>\nsi\u0307zi\u0307 memnun etmek i\u0307\u00e7i\u0307n \u00e7ali\u015fiyoruz  <\/p>\n","protected":false},"excerpt":{"rendered":"<p>bu i\u015f 2022&#8217;de ba\u015flad\u0131 kaliteyi m\u00fc\u015fteriyle bulu\u015fturmay\u0131 hedefler giysi kozmetik aksesuar ve daha fazlas\u0131 \u00fczerinde \u00e7al\u0131\u015f\u0131n si\u0307zi\u0307 memnun etmek i\u0307\u00e7i\u0307n \u00e7ali\u015fiyoruz<\/p>\n","protected":false},"author":10,"featured_media":0,"parent":0,"menu_order":0,"comment_status":"closed","ping_status":"closed","template":"","meta":[],"_links":{"self":[{"href":"https:\/\/aniviolina.com\/tr\/wp-json\/wp\/v2\/pages\/24079"}],"collection":[{"href":"https:\/\/aniviolina.com\/tr\/wp-json\/wp\/v2\/pages"}],"about":[{"href":"https:\/\/aniviolina.com\/tr\/wp-json\/wp\/v2\/types\/page"}],"author":[{"embeddable":true,"href":"https:\/\/aniviolina.com\/tr\/wp-json\/wp\/v2\/users\/10"}],"replies":[{"embeddable":true,"href":"https:\/\/aniviolina.com\/tr\/wp-json\/wp\/v2\/comments?post=24079"}],"version-history":[{"count":0,"href":"https:\/\/aniviolina.com\/tr\/wp-json\/wp\/v2\/pages\/24079\/revisions"}],"wp:attachment":[{"href":"https:\/\/aniviolina.com\/tr\/wp-json\/wp\/v2\/media?parent=24079"}],"curies":[{"name":"wp","href":"https:\/\/api.w.org\/{rel}","templated":true}]}}