{"id":24112,"date":"2023-11-06T14:35:46","date_gmt":"2023-11-06T14:35:46","guid":{"rendered":"https:\/\/aniviolina.com\/teslimat-bilgileri\/"},"modified":"2023-11-06T14:35:46","modified_gmt":"2023-11-06T14:35:46","slug":"teslimat-bilgileri","status":"publish","type":"page","link":"https:\/\/aniviolina.com\/tr\/teslimat-bilgileri\/","title":{"rendered":"Teslimat Bilgileri"},"content":{"rendered":"<p>Sipari\u015f etmek istedi\u011finiz \u00fcr\u00fcnleri sepetinize ekledikten sonra teslimat bilgilerini girebilirsiniz.<\/p>\n<p>Sipari\u015finizi olu\u015fturduktan sonra anla\u015fmal\u0131 oldu\u011fumuz kargo teslimat s\u00fcreci 3 ile 5 i\u015f g\u00fcn\u00fc aras\u0131ndad\u0131r.<\/p>\n<p>Kargo firmalar\u0131n\u0131n uzak b\u00f6lge olarak g\u00f6nderim yapmad\u0131\u011f\u0131 b\u00f6lgelerde sipari\u015finizi ilgili kargo \u015fubesinden teslim alabilirsiniz.<\/p>\n","protected":false},"excerpt":{"rendered":"<p>Sipari\u015f etmek istedi\u011finiz \u00fcr\u00fcnleri sepetinize ekledikten sonra teslimat bilgilerini girebilirsiniz. Sipari\u015finizi olu\u015fturduktan sonra anla\u015fmal\u0131 oldu\u011fumuz kargo teslimat s\u00fcreci 3 ile 5 i\u015f g\u00fcn\u00fc aras\u0131ndad\u0131r. Kargo firmalar\u0131n\u0131n uzak b\u00f6lge olarak g\u00f6nderim yapmad\u0131\u011f\u0131 b\u00f6lgelerde sipari\u015finizi ilgili kargo \u015fubesinden teslim alabilirsiniz.<\/p>\n","protected":false},"author":10,"featured_media":0,"parent":0,"menu_order":0,"comment_status":"closed","ping_status":"closed","template":"","meta":[],"_links":{"self":[{"href":"https:\/\/aniviolina.com\/tr\/wp-json\/wp\/v2\/pages\/24112"}],"collection":[{"href":"https:\/\/aniviolina.com\/tr\/wp-json\/wp\/v2\/pages"}],"about":[{"href":"https:\/\/aniviolina.com\/tr\/wp-json\/wp\/v2\/types\/page"}],"author":[{"embeddable":true,"href":"https:\/\/aniviolina.com\/tr\/wp-json\/wp\/v2\/users\/10"}],"replies":[{"embeddable":true,"href":"https:\/\/aniviolina.com\/tr\/wp-json\/wp\/v2\/comments?post=24112"}],"version-history":[{"count":0,"href":"https:\/\/aniviolina.com\/tr\/wp-json\/wp\/v2\/pages\/24112\/revisions"}],"wp:attachment":[{"href":"https:\/\/aniviolina.com\/tr\/wp-json\/wp\/v2\/media?parent=24112"}],"curies":[{"name":"wp","href":"https:\/\/api.w.org\/{rel}","templated":true}]}}