{"id":24252,"date":"2023-10-20T18:25:36","date_gmt":"2023-10-20T18:25:36","guid":{"rendered":"https:\/\/aniviolina.com\/para-iadesi-ve-iade-politikasi\/"},"modified":"2024-01-16T09:23:12","modified_gmt":"2024-01-16T09:23:12","slug":"para-iadesi-ve-iade-politikasi","status":"publish","type":"page","link":"https:\/\/aniviolina.com\/tr\/para-iadesi-ve-iade-politikasi\/","title":{"rendered":"Para \u0130adesi ve \u0130ade Politikas\u0131"},"content":{"rendered":"\t\t<div data-elementor-type=\"wp-page\" data-elementor-id=\"24252\" class=\"elementor elementor-24252 elementor-17\">\n\t\t\t\t\t\t\t\t\t<section class=\"ob-is-breaking-bad elementor-section elementor-top-section elementor-element elementor-element-51c53eb8 elementor-section-boxed elementor-section-height-default elementor-section-height-default\" data-id=\"51c53eb8\" data-element_type=\"section\" data-settings=\"{&quot;_ob_bbad_use_it&quot;:&quot;yes&quot;,&quot;_ob_bbad_sssic_use&quot;:&quot;no&quot;,&quot;_ob_glider_is_slider&quot;:&quot;no&quot;,&quot;_ha_eqh_enable&quot;:false}\">\n\t\t\t\t\t\t<div class=\"elementor-container elementor-column-gap-default\">\n\t\t\t\t\t<div class=\"elementor-column elementor-col-100 elementor-top-column elementor-element elementor-element-58d231c2\" data-id=\"58d231c2\" data-element_type=\"column\" data-settings=\"{&quot;_ob_bbad_is_stalker&quot;:&quot;no&quot;,&quot;_ob_teleporter_use&quot;:false,&quot;_ob_column_hoveranimator&quot;:&quot;no&quot;,&quot;_ob_column_has_pseudo&quot;:&quot;no&quot;}\">\n\t\t\t<div class=\"elementor-widget-wrap elementor-element-populated\">\n\t\t\t\t\t\t\t\t<div class=\"elementor-element elementor-element-6146bc20 elementor-widget__width-initial ob-harakiri-inherit ob-has-background-overlay elementor-widget elementor-widget-text-editor\" data-id=\"6146bc20\" data-element_type=\"widget\" data-settings=\"{&quot;_ob_use_harakiri&quot;:&quot;yes&quot;,&quot;_ob_harakiri_writing_mode&quot;:&quot;inherit&quot;,&quot;_ob_postman_use&quot;:&quot;no&quot;,&quot;_ob_perspektive_use&quot;:&quot;no&quot;,&quot;_ob_poopart_use&quot;:&quot;yes&quot;,&quot;_ob_shadough_use&quot;:&quot;no&quot;,&quot;_ob_allow_hoveranimator&quot;:&quot;no&quot;,&quot;_ob_widget_stalker_use&quot;:&quot;no&quot;}\" data-widget_type=\"text-editor.default\">\n\t\t\t\t<div class=\"elementor-widget-container\">\n\t\t\t<style>\/*! elementor - v3.16.0 - 17-10-2023 *\/\n.elementor-widget-text-editor.elementor-drop-cap-view-stacked .elementor-drop-cap{background-color:#69727d;color:#fff}.elementor-widget-text-editor.elementor-drop-cap-view-framed .elementor-drop-cap{color:#69727d;border:3px solid;background-color:transparent}.elementor-widget-text-editor:not(.elementor-drop-cap-view-default) .elementor-drop-cap{margin-top:8px}.elementor-widget-text-editor:not(.elementor-drop-cap-view-default) .elementor-drop-cap-letter{width:1em;height:1em}.elementor-widget-text-editor .elementor-drop-cap{float:right;text-align:center;line-height:1;font-size:50px}.elementor-widget-text-editor .elementor-drop-cap-letter{display:inline-block}<\/style>\t\t\t\t<p><\/p>\n<p><b>1 <\/b>&#8211; \u00dcr\u00fcn\u00fcn iade s\u00fcresi elinize ula\u015ft\u0131ktan sonra 15 g\u00fcnd\u00fcr.<\/p>\n<p>2 &#8211; \u0130adenin kabul edilebilmesi i\u00e7in \u00fcr\u00fcn\u00fcn;<\/p>\n<p>&nbsp; &nbsp;&#8211; Paket hasar g\u00f6rmemi\u015f ve kullan\u0131lmam\u0131\u015f olmas\u0131<\/p>\n<p>&nbsp; &nbsp;&#8211; T\u00fcm aksesuarlar\u0131 ve orijinal kutusu ile beraber iade edilmesi gerekmektedir.<\/p>\n<p>3 &#8211; A\u015fa\u011f\u0131daki \u00fcr\u00fcnlerin iadesinin kabul edilebilmesi i\u00e7in \u00fcr\u00fcn\u00fcn ambalaj\u0131 a\u00e7\u0131lmam\u0131\u015f, denenmemi\u015f, bozulmam\u0131\u015f ve kullan\u0131lmam\u0131\u015f olmas\u0131 gerekmektedir.<\/p>\n<p>&nbsp; &nbsp;&#8211;&nbsp; Sa\u011fl\u0131k ve hijyen a\u00e7\u0131s\u0131ndan uygun olmayan \u00fcr\u00fcnler (Kozmetik ve ki\u015fisel bak\u0131m \u00fcr\u00fcnleri, parf\u00fcm, epilat\u00f6r, t\u0131ra\u015f makinesi, kulakl\u0131k, i\u00e7 giyim \u00fcr\u00fcnleri, mayo, bikini vb.)<\/p>\n<p>&nbsp; &nbsp;&#8211;&nbsp; &nbsp;Kopyalanabilir yaz\u0131l\u0131m ve programlar (DVD, VCD, CD, kasetler vb.)<\/p>\n<p>&nbsp; &nbsp;&#8211;&nbsp; &nbsp;Kitap ve k\u0131rtasiye sarf malzemeleri (toner, kartu\u015f, \u015ferit vb.)<\/p>\n<p>4 &#8211; Tek kullan\u0131ml\u0131k \u00fcr\u00fcnler ve h\u0131zl\u0131 bozulan veya son kullanma tarihi ge\u00e7me ihtimali olan \u00fcr\u00fcnlerin iadesi kabul edilmemektedir.<\/p>\n<p>5 &#8211; Kurulum gerektiren \u00fcr\u00fcnler yetkili servis bilgisi olmadan a\u00e7\u0131l\u0131rsa iade kapsam\u0131 d\u0131\u015f\u0131nda kal\u0131r.<\/p>\n<p>&nbsp; &nbsp;&#8211; Beyaz e\u015fya (buzdolab\u0131, bula\u015f\u0131k makinesi, \u00e7ama\u015f\u0131r makinesi)<\/p>\n<p>&nbsp; &nbsp;&#8211; F\u0131r\u0131nlar (gaz, elektrik, mikrodalga)<\/p>\n<p>&nbsp; &nbsp;&#8211; Set \u00fcst\u00fc ocaklar, aspirat\u00f6rler, \u00fct\u00fcler, vantilat\u00f6r, \u0131s\u0131t\u0131c\u0131lar, so\u011futucular<\/p>\n<p>&nbsp; &nbsp;&#8211; Televizyon<\/p>\n<p>&nbsp; &nbsp;&#8211; Bu \u00fcr\u00fcnlerin kutu a\u00e7\u0131l\u0131\u015f\u0131nda herhangi bir hasar\/kusur tespit edilirse, \u00fcr\u00fcn\u00fc iade edebilmek i\u00e7in yetkili servis \u00e7al\u0131\u015fanlar\u0131na durum tespit tutana\u011f\u0131 doldurtman\u0131z gerekir (Tutanakta sorunun detay\u0131 a\u00e7\u0131kland\u0131\u011f\u0131ndan emin olunuz!). Bu belgeyi ald\u0131ktan sonra \u00fcr\u00fcn\u00fc iade edebilirsiniz.<\/p>\n<p>6 &#8211; Finansal piyasalardaki dalgalanmalara ba\u011fl\u0131 olan ve sat\u0131c\u0131n\u0131n kontrol\u00fcnde olmayan, fiyat de\u011fi\u015fikli\u011fi g\u00f6steren mal veya hizmetler i\u00e7in cayma hakk\u0131&nbsp; &nbsp; &nbsp; &nbsp; &nbsp; &nbsp; &nbsp; &nbsp; &nbsp; &nbsp; &nbsp; &nbsp; &nbsp; &nbsp; &nbsp; &nbsp;kullan\u0131lamaz. (alt\u0131n, g\u00fcm\u00fc\u015f vb.)<\/p>\n<p><\/p>\t\t\t\t\t\t<\/div>\n\t\t\t\t<\/div>\n\t\t\t\t\t<\/div>\n\t\t<\/div>\n\t\t\t\t\t\t\t<\/div>\n\t\t<\/section>\n\t\t\t\t\t\t\t<\/div>\n\t\t","protected":false},"excerpt":{"rendered":"<p>1 &#8211; \u00dcr\u00fcn\u00fcn iade s\u00fcresi elinize ula\u015ft\u0131ktan sonra 15 g\u00fcnd\u00fcr. 2 &#8211; \u0130adenin kabul edilebilmesi i\u00e7in \u00fcr\u00fcn\u00fcn; &nbsp; &nbsp;&#8211; Paket hasar g\u00f6rmemi\u015f ve kullan\u0131lmam\u0131\u015f olmas\u0131 &nbsp; &nbsp;&#8211; T\u00fcm aksesuarlar\u0131 ve orijinal kutusu ile beraber iade edilmesi gerekmektedir. 3 &#8211; A\u015fa\u011f\u0131daki \u00fcr\u00fcnlerin iadesinin kabul edilebilmesi i\u00e7in \u00fcr\u00fcn\u00fcn ambalaj\u0131 a\u00e7\u0131lmam\u0131\u015f, denenmemi\u015f, bozulmam\u0131\u015f ve kullan\u0131lmam\u0131\u015f olmas\u0131 gerekmektedir. &nbsp; [&hellip;]<\/p>\n","protected":false},"author":10,"featured_media":0,"parent":0,"menu_order":0,"comment_status":"closed","ping_status":"closed","template":"","meta":[],"_links":{"self":[{"href":"https:\/\/aniviolina.com\/tr\/wp-json\/wp\/v2\/pages\/24252"}],"collection":[{"href":"https:\/\/aniviolina.com\/tr\/wp-json\/wp\/v2\/pages"}],"about":[{"href":"https:\/\/aniviolina.com\/tr\/wp-json\/wp\/v2\/types\/page"}],"author":[{"embeddable":true,"href":"https:\/\/aniviolina.com\/tr\/wp-json\/wp\/v2\/users\/10"}],"replies":[{"embeddable":true,"href":"https:\/\/aniviolina.com\/tr\/wp-json\/wp\/v2\/comments?post=24252"}],"version-history":[{"count":7,"href":"https:\/\/aniviolina.com\/tr\/wp-json\/wp\/v2\/pages\/24252\/revisions"}],"predecessor-version":[{"id":24283,"href":"https:\/\/aniviolina.com\/tr\/wp-json\/wp\/v2\/pages\/24252\/revisions\/24283"}],"wp:attachment":[{"href":"https:\/\/aniviolina.com\/tr\/wp-json\/wp\/v2\/media?parent=24252"}],"curies":[{"name":"wp","href":"https:\/\/api.w.org\/{rel}","templated":true}]}}