{"id":24289,"date":"2023-07-10T23:19:04","date_gmt":"2023-07-10T23:19:04","guid":{"rendered":"https:\/\/aniviolina.com\/satici-kaydi\/"},"modified":"2024-02-26T11:55:06","modified_gmt":"2024-02-26T11:55:06","slug":"satici-kaydi","status":"publish","type":"page","link":"https:\/\/aniviolina.com\/tr\/satici-kaydi\/","title":{"rendered":"Sat\u0131c\u0131 Kayd\u0131"},"content":{"rendered":"\t\t<div data-elementor-type=\"wp-page\" data-elementor-id=\"24289\" class=\"elementor elementor-24289 elementor-21660\">\n\t\t\t\t\t\t\t\t\t<section class=\"ob-is-breaking-bad elementor-section elementor-top-section elementor-element elementor-element-6759361e elementor-section-boxed elementor-section-height-default elementor-section-height-default\" data-id=\"6759361e\" data-element_type=\"section\" data-settings=\"{&quot;_ob_bbad_use_it&quot;:&quot;yes&quot;,&quot;_ob_bbad_sssic_use&quot;:&quot;no&quot;,&quot;_ob_glider_is_slider&quot;:&quot;no&quot;,&quot;_ha_eqh_enable&quot;:false}\">\n\t\t\t\t\t\t<div class=\"elementor-container elementor-column-gap-default\">\n\t\t\t\t\t<div class=\"elementor-column elementor-col-100 elementor-top-column elementor-element elementor-element-4ec2cb41\" data-id=\"4ec2cb41\" data-element_type=\"column\" data-settings=\"{&quot;_ob_bbad_is_stalker&quot;:&quot;no&quot;,&quot;_ob_teleporter_use&quot;:false,&quot;_ob_column_hoveranimator&quot;:&quot;no&quot;,&quot;_ob_column_has_pseudo&quot;:&quot;no&quot;}\">\n\t\t\t<div class=\"elementor-widget-wrap elementor-element-populated\">\n\t\t\t\t\t\t\t\t<div class=\"elementor-element elementor-element-694e0be6 ob-has-background-overlay elementor-widget elementor-widget-shortcode\" data-id=\"694e0be6\" data-element_type=\"widget\" data-settings=\"{&quot;_ob_perspektive_use&quot;:&quot;no&quot;,&quot;_ob_poopart_use&quot;:&quot;yes&quot;,&quot;_ob_shadough_use&quot;:&quot;no&quot;,&quot;_ob_allow_hoveranimator&quot;:&quot;no&quot;,&quot;_ob_widget_stalker_use&quot;:&quot;no&quot;}\" data-widget_type=\"shortcode.default\">\n\t\t\t\t<div class=\"elementor-widget-container\">\n\t\t\t\t\t<div class=\"elementor-shortcode\">\n<form id=\"dokan-vendor-register\" method=\"post\" class=\"register dokan-vendor-register\">\n\n    \n    <div class=\"split-row name-field form-row-wide\">\n        <p class=\"form-row form-group\">\n            <label for=\"first-name\">First Name <span class=\"required\">*<\/span><\/label>\n            <input type=\"text\" class=\"input-text form-control\" name=\"fname\" id=\"first-name\" value=\"\"  \/>\n        <\/p>\n\n        <p class=\"form-row form-group\">\n            <label for=\"last-name\">Last Name <span class=\"required\">*<\/span><\/label>\n            <input type=\"text\" class=\"input-text form-control\" name=\"lname\" id=\"last-name\" value=\"\"  \/>\n        <\/p>\n    <\/div>\n\n    \n    <p class=\"form-row form-group form-row-wide\">\n        <label for=\"reg_email\">Email address <span class=\"required\">*<\/span><\/label>\n        <input type=\"email\" class=\"input-text form-control\" name=\"email\" id=\"reg_email\" value=\"\"  \/>\n        <label class=\"reg_email_error\"><\/label>\n    <\/p>\n\n    <p class=\"form-row form-group form-row-wide\">\n        <label for=\"shop-phone\">Phone Number<span class=\"required\">*<\/span><\/label>\n        <input type=\"text\" class=\"input-text form-control\" name=\"phone\" id=\"shop-phone\" value=\"\"  \/>\n        <input type=\"hidden\" name=\"role\" value=\"seller\">\n    <\/p>\n\n    <p class=\"form-row form-group form-row-wide\">\n        <label for=\"reg_password\">Password <span class=\"required\">*<\/span><\/label>\n        <input type=\"password\" class=\"input-text form-control\" name=\"password\" id=\"reg_password\" value=\"\"  minlength=\"6\" \/>\n    <\/p>\n\n    <!-- Spam Trap -->\n    <div style=\"left:-999em; position:absolute;\"><label for=\"trap\">Anti-spam<\/label><input type=\"text\" name=\"email_2\" id=\"trap\" tabindex=\"-1\" \/><\/div>\n\n    <p class=\"form-row form-group form-row-wide\">\n        <label for=\"company-name\">Shop Name <span class=\"required\">*<\/span><\/label>\n        <input type=\"text\" class=\"input-text form-control\" name=\"shopname\" id=\"company-name\" value=\"\"  \/>\n    <\/p>\n\n    <p class=\"form-row form-group form-row-wide\">\n        <label for=\"seller-url\" class=\"pull-left\">Shop URL <span class=\"required\">*<\/span><\/label>\n        <strong id=\"url-alart-mgs\" class=\"pull-right\"><\/strong>\n        <input type=\"text\" class=\"input-text form-control\" name=\"shopurl\" id=\"seller-url\" value=\"\"  \/>\n        <small>https:\/\/aniviolina.com\/tr\/\/store\/<strong id=\"url-alart\"><\/strong><\/small>\n    <\/p>\n\n                        <p class=\"form-row form-group\">\n                <label for=\"dokan-company-name\">Company Name<\/label>\n                <input type=\"text\" class=\"input-text form-control\" name=\"dokan_company_name\" id=\"dokan-company-name\" value=\"\"\/>\n            <\/p>\n        \n                    <p class=\"form-row form-group\">\n                <label for=\"dokan-company-id-number\">Company ID\/EUID Number<\/label>\n                <input type=\"text\" class=\"input-text form-control\" name=\"dokan_company_id_number\" id=\"dokan-company-id-number\" value=\"\"\/>\n            <\/p>\n        \n                    <p class=\"form-row form-group form-row-wide\">\n                <label for=\"dokan-vat-number\">VAT\/TAX Number<\/label>\n                <input type=\"text\" class=\"input-text form-control\" name=\"dokan_vat_number\" id=\"dokan-vat-number\" value=\"\"\/>\n            <\/p>\n        \n                    <div class=\"split-row name-field form-row-wide\">\n                <p class=\"form-row form-group\">\n                    <label for=\"dokan-bank-name\">Name of Bank<\/label>\n                    <input type=\"text\" class=\"input-text form-control\" name=\"dokan_bank_name\" id=\"dokan-bank-name\" value=\"\"\/>\n                <\/p>\n\n                <p class=\"form-row form-group\">\n                    <label for=\"dokan-bank-iban\">Bank IBAN<\/label>\n                    <input type=\"text\" class=\"input-text form-control\" name=\"dokan_bank_iban\" id=\"dokan-bank-iban\" value=\"\"\/>\n                <\/p>\n            <\/div>\n                \n    \n    \n            <p class=\"form-row form-group form-row-wide\">\n            <input class=\"tc_check_box\" type=\"checkbox\" id=\"tc_agree\" name=\"tc_agree\" required=\"required\">\n            <label style=\"display: inline\" for=\"tc_agree\">\n                I have read and agree to the <a target=\"_blank\" href=\"https:\/\/aniviolina.com\/terms-and-conditions\/\">Terms &amp; Conditions<\/a>.            <\/label>\n        <\/p>\n    \n    <p class=\"form-row form-group form-row-wide\">\n\t<label for=\"iyzibazaar_sub_merchant_type\">\n\t\t\u015eirket Tipi\t\t<span class=\"required\">*<\/span>\n\t<\/label>\n\t\t<select name=\"iyzibazaar_sub_merchant_type\" id=\"iyzibazaar_sub_merchant_type\">\n\t\t<option selected value=\"PERSONAL\">\n\t\t\tBireysel\t\t<\/option>\n\t\t<option  value=\"PRIVATE_COMPANY\">\n\t\t\t\u015eah\u0131s \u015eirketi\t\t<\/option>\n\t\t<option  value=\"LIMITED_OR_JOINT_STOCK_COMPANY\">\n\t\t\tLimited\/Anonim\t\t<\/option>\n\t<\/select>\n<\/p>\n<p class=\"form-row form-group form-row-wide\">\n\t<label for=\"iyzibazaar_contact_name\">\n\t\t\u0130leti\u015fim Kurulacak Ki\u015fi Ad\t\t\t\t<span class=\"required\">*<\/span>\n\t\t\t<\/label>\n\t<input\n\t\ttype=\"text\" \n\t\tclass=\"input-text form-control\" \n\t\tname=\"iyzibazaar_contact_name\" \n\t\tid=\"iyzibazaar_contact_name\" \n\t\tvalue=\"\" \n\t\trequired=\"required\" \n\t\/>\n<\/p>\n<p class=\"form-row form-group form-row-wide\">\n\t<label for=\"iyzibazaar_contact_surname\">\n\t\t\u0130leti\u015fim Kurulacak Ki\u015fi Soyad\t\t\t\t<span class=\"required\">*<\/span>\n\t\t\t<\/label>\n\t<input\n\t\ttype=\"text\" \n\t\tclass=\"input-text form-control\" \n\t\tname=\"iyzibazaar_contact_surname\" \n\t\tid=\"iyzibazaar_contact_surname\" \n\t\tvalue=\"\" \n\t\trequired=\"required\" \n\t\/>\n<\/p>\n<p class=\"form-row form-group form-row-wide\">\n\t<label for=\"iyzibazaar_identity_number\">\n\t\tTc Kimlik No\t\t\t\t<span class=\"required\">*<\/span>\n\t\t\t<\/label>\n\t<input\n\t\ttype=\"text\" \n\t\tclass=\"input-text form-control\" \n\t\tname=\"iyzibazaar_identity_number\" \n\t\tid=\"iyzibazaar_identity_number\" \n\t\tvalue=\"\" \n\t\trequired=\"required\" \n\t\/>\n<\/p>\n<p class=\"form-row form-group form-row-wide\">\n\t<label for=\"iyzibazaar_tax_number\">\n\t\tVergi Numaras\u0131\t\t\t\t<span class=\"required\">*<\/span>\n\t\t\t<\/label>\n\t<input\n\t\ttype=\"text\" \n\t\tclass=\"input-text form-control\" \n\t\tname=\"iyzibazaar_tax_number\" \n\t\tid=\"iyzibazaar_tax_number\" \n\t\tvalue=\"\" \n\t\trequired=\"required\" \n\t\/>\n<\/p>\n<p class=\"form-row form-group form-row-wide\">\n\t<label for=\"iyzibazaar_tax_office\">\n\t\tVergi Dairesi\t\t\t\t<span class=\"required\">*<\/span>\n\t\t\t<\/label>\n\t<input\n\t\ttype=\"text\" \n\t\tclass=\"input-text form-control\" \n\t\tname=\"iyzibazaar_tax_office\" \n\t\tid=\"iyzibazaar_tax_office\" \n\t\tvalue=\"\" \n\t\trequired=\"required\" \n\t\/>\n<\/p>\n<p class=\"form-row form-group form-row-wide\">\n\t<label for=\"iyzibazaar_name\">\n\t\t\u015eirket Ad\u0131\t\t\t<\/label>\n\t<input\n\t\ttype=\"text\" \n\t\tclass=\"input-text form-control\" \n\t\tname=\"iyzibazaar_name\" \n\t\tid=\"iyzibazaar_name\" \n\t\tvalue=\"\" \n\t\t \n\t\/>\n<\/p>\n<p class=\"form-row form-group form-row-wide\">\n\t<label for=\"iyzibazaar_gsm_number\">\n\t\t\u015eirket Telefon\t\t\t<\/label>\n\t<input\n\t\ttype=\"text\" \n\t\tclass=\"input-text form-control\" \n\t\tname=\"iyzibazaar_gsm_number\" \n\t\tid=\"iyzibazaar_gsm_number\" \n\t\tvalue=\"\" \n\t\t \n\t\/>\n<\/p>\n<p class=\"form-row form-group form-row-wide\">\n\t<label for=\"iyzibazaar_legal_company_title\">\n\t\tYasal \u015eirket \u00dcnvan\u0131\t\t\t\t<span class=\"required\">*<\/span>\n\t\t\t<\/label>\n\t<input\n\t\ttype=\"text\" \n\t\tclass=\"input-text form-control\" \n\t\tname=\"iyzibazaar_legal_company_title\" \n\t\tid=\"iyzibazaar_legal_company_title\" \n\t\tvalue=\"\" \n\t\trequired=\"required\" \n\t\/>\n<\/p>\n<p class=\"form-row form-group form-row-wide\">\n\t<label for=\"iyzibazaar_email\">\n\t\t\u015eirket E-Posta\t\t\t\t<span class=\"required\">*<\/span>\n\t\t\t<\/label>\n\t<input\n\t\ttype=\"text\" \n\t\tclass=\"input-text form-control\" \n\t\tname=\"iyzibazaar_email\" \n\t\tid=\"iyzibazaar_email\" \n\t\tvalue=\"\" \n\t\trequired=\"required\" \n\t\/>\n<\/p>\n<p class=\"form-row form-group form-row-wide\">\n\t<label for=\"iyzibazaar_address\">\n\t\t\u015eirket Adresi\t\t\t\t<span class=\"required\">*<\/span>\n\t\t\t<\/label>\n\t<input\n\t\ttype=\"text\" \n\t\tclass=\"input-text form-control\" \n\t\tname=\"iyzibazaar_address\" \n\t\tid=\"iyzibazaar_address\" \n\t\tvalue=\"\" \n\t\trequired=\"required\" \n\t\/>\n<\/p>\n<p class=\"form-row form-group form-row-wide\">\n\t<label for=\"iyzibazaar_iban\">\n\t\tIban\t\t\t\t<span class=\"required\">*<\/span>\n\t\t\t<\/label>\n\t<input\n\t\ttype=\"text\" \n\t\tclass=\"input-text form-control\" \n\t\tname=\"iyzibazaar_iban\" \n\t\tid=\"iyzibazaar_iban\" \n\t\tvalue=\"\" \n\t\trequired=\"required\" \n\t\/>\n<\/p>\n\n    <p class=\"form-row\">\n        <input type=\"hidden\" id=\"woocommerce-register-nonce\" name=\"woocommerce-register-nonce\" value=\"5fa9d66b77\" \/><input type=\"hidden\" name=\"_wp_http_referer\" value=\"\/tr\/wp-json\/wp\/v2\/pages\/24289\" \/>\n        <input type=\"submit\" class=\"dokan-btn dokan-btn-theme\" name=\"register\" value=\"Register\" \/>\n    <\/p>\n\n    <div class=\"jssocials-shares\">\n<\/div>\n<\/form>\n<\/div>\n\t\t\t\t<\/div>\n\t\t\t\t<\/div>\n\t\t\t\t\t<\/div>\n\t\t<\/div>\n\t\t\t\t\t\t\t<\/div>\n\t\t<\/section>\n\t\t\t\t\t\t\t<\/div>\n\t\t","protected":false},"excerpt":{"rendered":"","protected":false},"author":10,"featured_media":0,"parent":0,"menu_order":0,"comment_status":"closed","ping_status":"closed","template":"","meta":[],"_links":{"self":[{"href":"https:\/\/aniviolina.com\/tr\/wp-json\/wp\/v2\/pages\/24289"}],"collection":[{"href":"https:\/\/aniviolina.com\/tr\/wp-json\/wp\/v2\/pages"}],"about":[{"href":"https:\/\/aniviolina.com\/tr\/wp-json\/wp\/v2\/types\/page"}],"author":[{"embeddable":true,"href":"https:\/\/aniviolina.com\/tr\/wp-json\/wp\/v2\/users\/10"}],"replies":[{"embeddable":true,"href":"https:\/\/aniviolina.com\/tr\/wp-json\/wp\/v2\/comments?post=24289"}],"version-history":[{"count":3,"href":"https:\/\/aniviolina.com\/tr\/wp-json\/wp\/v2\/pages\/24289\/revisions"}],"predecessor-version":[{"id":24494,"href":"https:\/\/aniviolina.com\/tr\/wp-json\/wp\/v2\/pages\/24289\/revisions\/24494"}],"wp:attachment":[{"href":"https:\/\/aniviolina.com\/tr\/wp-json\/wp\/v2\/media?parent=24289"}],"curies":[{"name":"wp","href":"https:\/\/api.w.org\/{rel}","templated":true}]}}