{"id":24089,"date":"2023-10-30T20:10:28","date_gmt":"2023-10-30T20:10:28","guid":{"rendered":"https:\/\/aniviolina.com\/product\/adidas-unisex-forum-dusuk-ayakkabi\/"},"modified":"2023-10-30T20:10:28","modified_gmt":"2023-10-30T20:10:28","slug":"adidas-unisex-forum-dusuk-ayakkabi","status":"publish","type":"product","link":"https:\/\/aniviolina.com\/tr\/urun\/adidas-unisex-forum-dusuk-ayakkabi\/","title":{"rendered":"Adidas unisex Forum D\u00fc\u015f\u00fck Ayakkab\u0131"},"content":{"rendered":"<p>OR\u0130J\u0130NAL<\/p>\n","protected":false},"excerpt":{"rendered":"<p>OR\u0130J\u0130NAL<\/p>\n","protected":false},"featured_media":0,"comment_status":"open","ping_status":"closed","template":"","meta":[],"product_cat":[438],"product_tag":[],"_links":{"self":[{"href":"https:\/\/aniviolina.com\/tr\/wp-json\/wp\/v2\/product\/24089"}],"collection":[{"href":"https:\/\/aniviolina.com\/tr\/wp-json\/wp\/v2\/product"}],"about":[{"href":"https:\/\/aniviolina.com\/tr\/wp-json\/wp\/v2\/types\/product"}],"replies":[{"embeddable":true,"href":"https:\/\/aniviolina.com\/tr\/wp-json\/wp\/v2\/comments?post=24089"}],"wp:attachment":[{"href":"https:\/\/aniviolina.com\/tr\/wp-json\/wp\/v2\/media?parent=24089"}],"wp:term":[{"taxonomy":"product_cat","embeddable":true,"href":"https:\/\/aniviolina.com\/tr\/wp-json\/wp\/v2\/product_cat?post=24089"},{"taxonomy":"product_tag","embeddable":true,"href":"https:\/\/aniviolina.com\/tr\/wp-json\/wp\/v2\/product_tag?post=24089"}],"curies":[{"name":"wp","href":"https:\/\/api.w.org\/{rel}","templated":true}]}}