{"id":24111,"date":"2023-10-30T21:02:10","date_gmt":"2023-10-30T21:02:10","guid":{"rendered":"https:\/\/aniviolina.com\/product\/kiz-tasarimli-sweatshirt\/"},"modified":"2023-10-30T21:02:10","modified_gmt":"2023-10-30T21:02:10","slug":"kiz-tasarimli-sweatshirt","status":"publish","type":"product","link":"https:\/\/aniviolina.com\/tr\/urun\/kiz-tasarimli-sweatshirt\/","title":{"rendered":"K\u0131z Tasar\u0131ml\u0131 Sweatshirt"},"content":{"rendered":"<p>100 pamuk<\/p>\n","protected":false},"excerpt":{"rendered":"<p>100 pamuk<\/p>\n","protected":false},"featured_media":22317,"comment_status":"open","ping_status":"closed","template":"","meta":[],"product_cat":[454,456],"product_tag":[],"_links":{"self":[{"href":"https:\/\/aniviolina.com\/tr\/wp-json\/wp\/v2\/product\/24111"}],"collection":[{"href":"https:\/\/aniviolina.com\/tr\/wp-json\/wp\/v2\/product"}],"about":[{"href":"https:\/\/aniviolina.com\/tr\/wp-json\/wp\/v2\/types\/product"}],"replies":[{"embeddable":true,"href":"https:\/\/aniviolina.com\/tr\/wp-json\/wp\/v2\/comments?post=24111"}],"wp:featuredmedia":[{"embeddable":true,"href":"https:\/\/aniviolina.com\/tr\/wp-json\/wp\/v2\/media\/22317"}],"wp:attachment":[{"href":"https:\/\/aniviolina.com\/tr\/wp-json\/wp\/v2\/media?parent=24111"}],"wp:term":[{"taxonomy":"product_cat","embeddable":true,"href":"https:\/\/aniviolina.com\/tr\/wp-json\/wp\/v2\/product_cat?post=24111"},{"taxonomy":"product_tag","embeddable":true,"href":"https:\/\/aniviolina.com\/tr\/wp-json\/wp\/v2\/product_tag?post=24111"}],"curies":[{"name":"wp","href":"https:\/\/api.w.org\/{rel}","templated":true}]}}