{"id":24141,"date":"2023-10-30T20:53:28","date_gmt":"2023-10-30T20:53:28","guid":{"rendered":"https:\/\/aniviolina.com\/product\/hava-fritoz-pisirme-kagidi-tek-kullanimlik-yag-gecirmez-kagit-kare-plaka-modeli-50-adet\/"},"modified":"2024-02-06T08:07:03","modified_gmt":"2024-02-06T08:07:03","slug":"hava-fritoz-pisirme-kagidi-tek-kullanimlik-yag-gecirmez-kagit-kare-plaka-modeli-50-adet","status":"publish","type":"product","link":"https:\/\/aniviolina.com\/tr\/urun\/hava-fritoz-pisirme-kagidi-tek-kullanimlik-yag-gecirmez-kagit-kare-plaka-modeli-50-adet\/","title":{"rendered":"Hava frit\u00f6z Pi\u015firme Ka\u011f\u0131d\u0131 Tek Kullan\u0131ml\u0131k Ya\u011f Ge\u00e7irmez Ka\u011f\u0131t Kare Modeli &#8230; 50 Adet"},"content":{"rendered":"","protected":false},"excerpt":{"rendered":"","protected":false},"featured_media":23976,"comment_status":"open","ping_status":"closed","template":"","meta":[],"product_cat":[459,455,457],"product_tag":[],"_links":{"self":[{"href":"https:\/\/aniviolina.com\/tr\/wp-json\/wp\/v2\/product\/24141"}],"collection":[{"href":"https:\/\/aniviolina.com\/tr\/wp-json\/wp\/v2\/product"}],"about":[{"href":"https:\/\/aniviolina.com\/tr\/wp-json\/wp\/v2\/types\/product"}],"replies":[{"embeddable":true,"href":"https:\/\/aniviolina.com\/tr\/wp-json\/wp\/v2\/comments?post=24141"}],"wp:featuredmedia":[{"embeddable":true,"href":"https:\/\/aniviolina.com\/tr\/wp-json\/wp\/v2\/media\/23976"}],"wp:attachment":[{"href":"https:\/\/aniviolina.com\/tr\/wp-json\/wp\/v2\/media?parent=24141"}],"wp:term":[{"taxonomy":"product_cat","embeddable":true,"href":"https:\/\/aniviolina.com\/tr\/wp-json\/wp\/v2\/product_cat?post=24141"},{"taxonomy":"product_tag","embeddable":true,"href":"https:\/\/aniviolina.com\/tr\/wp-json\/wp\/v2\/product_tag?post=24141"}],"curies":[{"name":"wp","href":"https:\/\/api.w.org\/{rel}","templated":true}]}}