{"id":24147,"date":"2023-10-30T20:00:12","date_gmt":"2023-10-30T20:00:12","guid":{"rendered":"https:\/\/aniviolina.com\/product\/unisex-buyuk-boy-kurk-ceket\/"},"modified":"2024-02-19T10:42:40","modified_gmt":"2024-02-19T10:42:40","slug":"unisex-buyuk-boy-kurk-ceket","status":"publish","type":"product","link":"https:\/\/aniviolina.com\/tr\/urun\/unisex-buyuk-boy-kurk-ceket\/","title":{"rendered":"UNISEX OverSize K\u00fcrk Ceket"},"content":{"rendered":"<p>Astarl\u0131 k\u00fcrk kaplan stili<\/p>\n","protected":false},"excerpt":{"rendered":"<p>Astarl\u0131 k\u00fcrk kaplan stili<\/p>\n","protected":false},"featured_media":23772,"comment_status":"open","ping_status":"closed","template":"","meta":[],"product_cat":[472,490,491,473,492,418],"product_tag":[],"_links":{"self":[{"href":"https:\/\/aniviolina.com\/tr\/wp-json\/wp\/v2\/product\/24147"}],"collection":[{"href":"https:\/\/aniviolina.com\/tr\/wp-json\/wp\/v2\/product"}],"about":[{"href":"https:\/\/aniviolina.com\/tr\/wp-json\/wp\/v2\/types\/product"}],"replies":[{"embeddable":true,"href":"https:\/\/aniviolina.com\/tr\/wp-json\/wp\/v2\/comments?post=24147"}],"wp:featuredmedia":[{"embeddable":true,"href":"https:\/\/aniviolina.com\/tr\/wp-json\/wp\/v2\/media\/23772"}],"wp:attachment":[{"href":"https:\/\/aniviolina.com\/tr\/wp-json\/wp\/v2\/media?parent=24147"}],"wp:term":[{"taxonomy":"product_cat","embeddable":true,"href":"https:\/\/aniviolina.com\/tr\/wp-json\/wp\/v2\/product_cat?post=24147"},{"taxonomy":"product_tag","embeddable":true,"href":"https:\/\/aniviolina.com\/tr\/wp-json\/wp\/v2\/product_tag?post=24147"}],"curies":[{"name":"wp","href":"https:\/\/api.w.org\/{rel}","templated":true}]}}