{"id":24155,"date":"2023-10-30T19:52:20","date_gmt":"2023-10-30T19:52:20","guid":{"rendered":"https:\/\/aniviolina.com\/product\/kirmizi-kalp-bileklik\/"},"modified":"2023-10-30T19:52:20","modified_gmt":"2023-10-30T19:52:20","slug":"kirmizi-kalp-bileklik","status":"publish","type":"product","link":"https:\/\/aniviolina.com\/tr\/urun\/kirmizi-kalp-bileklik\/","title":{"rendered":"KIRMIZI KALP BILEKLIK"},"content":{"rendered":"<p>K\u0131rm\u0131z\u0131 alt\u0131n couler<\/p>\n<p>kalp tasar\u0131m\u0131<\/p>\n<p>zirkon ta\u015f\u0131<\/p>\n<p>&nbsp;<\/p>\n","protected":false},"excerpt":{"rendered":"<p>K\u0131rm\u0131z\u0131 alt\u0131n couler kalp tasar\u0131m\u0131 zirkon ta\u015f\u0131 &nbsp;<\/p>\n","protected":false},"featured_media":22318,"comment_status":"open","ping_status":"closed","template":"","meta":[],"product_cat":[481,496],"product_tag":[],"_links":{"self":[{"href":"https:\/\/aniviolina.com\/tr\/wp-json\/wp\/v2\/product\/24155"}],"collection":[{"href":"https:\/\/aniviolina.com\/tr\/wp-json\/wp\/v2\/product"}],"about":[{"href":"https:\/\/aniviolina.com\/tr\/wp-json\/wp\/v2\/types\/product"}],"replies":[{"embeddable":true,"href":"https:\/\/aniviolina.com\/tr\/wp-json\/wp\/v2\/comments?post=24155"}],"wp:featuredmedia":[{"embeddable":true,"href":"https:\/\/aniviolina.com\/tr\/wp-json\/wp\/v2\/media\/22318"}],"wp:attachment":[{"href":"https:\/\/aniviolina.com\/tr\/wp-json\/wp\/v2\/media?parent=24155"}],"wp:term":[{"taxonomy":"product_cat","embeddable":true,"href":"https:\/\/aniviolina.com\/tr\/wp-json\/wp\/v2\/product_cat?post=24155"},{"taxonomy":"product_tag","embeddable":true,"href":"https:\/\/aniviolina.com\/tr\/wp-json\/wp\/v2\/product_tag?post=24155"}],"curies":[{"name":"wp","href":"https:\/\/api.w.org\/{rel}","templated":true}]}}