{"id":24313,"date":"2023-10-30T19:47:06","date_gmt":"2023-10-30T19:47:06","guid":{"rendered":"https:\/\/aniviolina.com\/product\/kirmizi-kalp-kupe\/"},"modified":"2023-10-30T19:47:06","modified_gmt":"2023-10-30T19:47:06","slug":"kirmizi-kalp-kupe","status":"publish","type":"product","link":"https:\/\/aniviolina.com\/tr\/urun\/kirmizi-kalp-kupe\/","title":{"rendered":"KIRMIZI KALP K\u00dcPE"},"content":{"rendered":"<p>K\u0131rm\u0131z\u0131 kalp tasar\u0131m\u0131<\/p>\n<p>4 cm<\/p>\n<p>alt\u0131n rengi<\/p>\n<p>zirkon ta\u015f\u0131<\/p>\n","protected":false},"excerpt":{"rendered":"<p>K\u0131rm\u0131z\u0131 kalp tasar\u0131m\u0131 4 cm alt\u0131n rengi zirkon ta\u015f\u0131<\/p>\n","protected":false},"featured_media":22295,"comment_status":"open","ping_status":"closed","template":"","meta":[],"product_cat":[481,482],"product_tag":[],"_links":{"self":[{"href":"https:\/\/aniviolina.com\/tr\/wp-json\/wp\/v2\/product\/24313"}],"collection":[{"href":"https:\/\/aniviolina.com\/tr\/wp-json\/wp\/v2\/product"}],"about":[{"href":"https:\/\/aniviolina.com\/tr\/wp-json\/wp\/v2\/types\/product"}],"replies":[{"embeddable":true,"href":"https:\/\/aniviolina.com\/tr\/wp-json\/wp\/v2\/comments?post=24313"}],"wp:featuredmedia":[{"embeddable":true,"href":"https:\/\/aniviolina.com\/tr\/wp-json\/wp\/v2\/media\/22295"}],"wp:attachment":[{"href":"https:\/\/aniviolina.com\/tr\/wp-json\/wp\/v2\/media?parent=24313"}],"wp:term":[{"taxonomy":"product_cat","embeddable":true,"href":"https:\/\/aniviolina.com\/tr\/wp-json\/wp\/v2\/product_cat?post=24313"},{"taxonomy":"product_tag","embeddable":true,"href":"https:\/\/aniviolina.com\/tr\/wp-json\/wp\/v2\/product_tag?post=24313"}],"curies":[{"name":"wp","href":"https:\/\/api.w.org\/{rel}","templated":true}]}}