{"id":24326,"date":"2023-10-25T10:42:25","date_gmt":"2023-10-25T10:42:25","guid":{"rendered":"https:\/\/aniviolina.com\/product\/acik-pembe-kapusonlu-kaban\/"},"modified":"2023-10-25T10:42:25","modified_gmt":"2023-10-25T10:42:25","slug":"acik-pembe-kapusonlu-kaban","status":"publish","type":"product","link":"https:\/\/aniviolina.com\/tr\/urun\/acik-pembe-kapusonlu-kaban\/","title":{"rendered":"A\u00e7\u0131k Pembe Kap\u00fc\u015fonlu Kaban"},"content":{"rendered":"<p>a\u00e7\u0131k pembe ( pudra ) palto<\/p>\n<p>uzun kollu uzun<\/p>\n<p>kap\u00fc\u015fonlu<\/p>\n<p>astarlanm\u0131\u015f ve bir k\u00fcrk tabakas\u0131yla s\u00fcslenmi\u015ftir.<\/p>\n","protected":false},"excerpt":{"rendered":"<p>a\u00e7\u0131k pembe ( pudra ) palto uzun kollu uzun kap\u00fc\u015fonlu astarlanm\u0131\u015f ve bir k\u00fcrk tabakas\u0131yla s\u00fcslenmi\u015ftir.<\/p>\n","protected":false},"featured_media":22036,"comment_status":"open","ping_status":"closed","template":"","meta":[],"product_cat":[491,418],"product_tag":[],"_links":{"self":[{"href":"https:\/\/aniviolina.com\/tr\/wp-json\/wp\/v2\/product\/24326"}],"collection":[{"href":"https:\/\/aniviolina.com\/tr\/wp-json\/wp\/v2\/product"}],"about":[{"href":"https:\/\/aniviolina.com\/tr\/wp-json\/wp\/v2\/types\/product"}],"replies":[{"embeddable":true,"href":"https:\/\/aniviolina.com\/tr\/wp-json\/wp\/v2\/comments?post=24326"}],"wp:featuredmedia":[{"embeddable":true,"href":"https:\/\/aniviolina.com\/tr\/wp-json\/wp\/v2\/media\/22036"}],"wp:attachment":[{"href":"https:\/\/aniviolina.com\/tr\/wp-json\/wp\/v2\/media?parent=24326"}],"wp:term":[{"taxonomy":"product_cat","embeddable":true,"href":"https:\/\/aniviolina.com\/tr\/wp-json\/wp\/v2\/product_cat?post=24326"},{"taxonomy":"product_tag","embeddable":true,"href":"https:\/\/aniviolina.com\/tr\/wp-json\/wp\/v2\/product_tag?post=24326"}],"curies":[{"name":"wp","href":"https:\/\/api.w.org\/{rel}","templated":true}]}}