{"id":24329,"date":"2023-10-25T09:15:07","date_gmt":"2023-10-25T09:15:07","guid":{"rendered":"https:\/\/aniviolina.com\/product\/ani-violina-tuz-lambasi-kasa-modeli-25-3-kg\/"},"modified":"2023-10-25T09:15:07","modified_gmt":"2023-10-25T09:15:07","slug":"ani-violina-tuz-lambasi-kasa-modeli-25-3-kg","status":"publish","type":"product","link":"https:\/\/aniviolina.com\/tr\/urun\/ani-violina-tuz-lambasi-kasa-modeli-25-3-kg\/","title":{"rendered":"Ani-Violina Tuz lambas\u0131 &#8230;Kasa modeli &#8230; [ 2,5-3 kg ]"},"content":{"rendered":"<p>&nbsp;<\/p>\n<p>100 otantik Naturel da\u011f tuzundan yap\u0131lm\u0131\u015ft\u0131r.<br \/>\nBu el yap\u0131m\u0131, g\u00fczel lamba size bir\u00e7ok a\u00e7\u0131dan fayda sa\u011flayabilir:<\/p>\n<p>* Ev dekorunuza g\u00fczel bir katk\u0131.<br \/>\n* Gev\u015femek i\u00e7in rahatlat\u0131c\u0131 ve yat\u0131\u015ft\u0131r\u0131c\u0131 bir atmosfer yarat\u0131r.<br \/>\n* Uyku kalitenizi art\u0131r\u0131r.<\/p>\n<p>*Negatif enerjiyi azalt\u0131n.<\/p>\n<p>*Ba\u011f\u0131\u015f\u0131kl\u0131\u011f\u0131 art\u0131r\u0131n.<\/p>\n","protected":false},"excerpt":{"rendered":"<p>&nbsp;<\/p>\n<p><a href=\"https:\/\/aniviolina.com\/wp-content\/uploads\/2023\/10\/WhatsApp-Image-2023-10-25-at-10.46.02-AM.jpeg\"><img decoding=\"async\" class=\"alignnone size-full wp-image-22056\" src=\"https:\/\/aniviolina.com\/wp-content\/uploads\/2023\/10\/WhatsApp-Image-2023-10-25-at-10.46.02-AM.jpeg\" alt=\"\" width=\"83\" height=\"122\"><\/a><\/p>\n<p>Kasa tasar\u0131m\u0131<\/p>\n<p>2,5-3 kg<\/p>\n<p>kablo ve elektrik ampul\u00fc ile ah\u015fap bir kaide \u00fczerine sabitlenmi\u015ftir<\/p>\n<p>&nbsp;<\/p>\n","protected":false},"featured_media":22090,"comment_status":"open","ping_status":"closed","template":"","meta":[],"product_cat":[459,455,506,505,507],"product_tag":[],"_links":{"self":[{"href":"https:\/\/aniviolina.com\/tr\/wp-json\/wp\/v2\/product\/24329"}],"collection":[{"href":"https:\/\/aniviolina.com\/tr\/wp-json\/wp\/v2\/product"}],"about":[{"href":"https:\/\/aniviolina.com\/tr\/wp-json\/wp\/v2\/types\/product"}],"replies":[{"embeddable":true,"href":"https:\/\/aniviolina.com\/tr\/wp-json\/wp\/v2\/comments?post=24329"}],"wp:featuredmedia":[{"embeddable":true,"href":"https:\/\/aniviolina.com\/tr\/wp-json\/wp\/v2\/media\/22090"}],"wp:attachment":[{"href":"https:\/\/aniviolina.com\/tr\/wp-json\/wp\/v2\/media?parent=24329"}],"wp:term":[{"taxonomy":"product_cat","embeddable":true,"href":"https:\/\/aniviolina.com\/tr\/wp-json\/wp\/v2\/product_cat?post=24329"},{"taxonomy":"product_tag","embeddable":true,"href":"https:\/\/aniviolina.com\/tr\/wp-json\/wp\/v2\/product_tag?post=24329"}],"curies":[{"name":"wp","href":"https:\/\/api.w.org\/{rel}","templated":true}]}}