{"id":24350,"date":"2023-10-25T10:27:14","date_gmt":"2023-10-25T10:27:14","guid":{"rendered":"https:\/\/aniviolina.com\/product\/kadin-yun-kazak-kahverengi-size-38\/"},"modified":"2023-10-25T10:27:14","modified_gmt":"2023-10-25T10:27:14","slug":"kadin-yun-kazak-kahverengi-size-38","status":"publish","type":"product","link":"https:\/\/aniviolina.com\/tr\/urun\/kadin-yun-kazak-kahverengi-size-38\/","title":{"rendered":"Kad\u0131n Y\u00fcn Kazak &#8230; Kahverengi  [size-38]"},"content":{"rendered":"<p>kad\u0131n y\u00fcn kahverengi kazak<\/p>\n<p>ekstra ku\u015f t\u00fcy\u00fc s\u00fcslemeli transparan kuma\u015f ile<\/p>\n<p>&nbsp;<\/p>\n","protected":false},"excerpt":{"rendered":"<p>38 beden<\/p>\n","protected":false},"featured_media":22044,"comment_status":"open","ping_status":"closed","template":"","meta":[],"product_cat":[490,491,418],"product_tag":[],"_links":{"self":[{"href":"https:\/\/aniviolina.com\/tr\/wp-json\/wp\/v2\/product\/24350"}],"collection":[{"href":"https:\/\/aniviolina.com\/tr\/wp-json\/wp\/v2\/product"}],"about":[{"href":"https:\/\/aniviolina.com\/tr\/wp-json\/wp\/v2\/types\/product"}],"replies":[{"embeddable":true,"href":"https:\/\/aniviolina.com\/tr\/wp-json\/wp\/v2\/comments?post=24350"}],"wp:featuredmedia":[{"embeddable":true,"href":"https:\/\/aniviolina.com\/tr\/wp-json\/wp\/v2\/media\/22044"}],"wp:attachment":[{"href":"https:\/\/aniviolina.com\/tr\/wp-json\/wp\/v2\/media?parent=24350"}],"wp:term":[{"taxonomy":"product_cat","embeddable":true,"href":"https:\/\/aniviolina.com\/tr\/wp-json\/wp\/v2\/product_cat?post=24350"},{"taxonomy":"product_tag","embeddable":true,"href":"https:\/\/aniviolina.com\/tr\/wp-json\/wp\/v2\/product_tag?post=24350"}],"curies":[{"name":"wp","href":"https:\/\/api.w.org\/{rel}","templated":true}]}}