{"id":24351,"date":"2023-10-29T16:24:33","date_gmt":"2023-10-29T16:24:33","guid":{"rendered":"https:\/\/aniviolina.com\/product\/kiz-elbisesi\/"},"modified":"2023-10-29T16:24:33","modified_gmt":"2023-10-29T16:24:33","slug":"kiz-elbisesi","status":"publish","type":"product","link":"https:\/\/aniviolina.com\/tr\/urun\/kiz-elbisesi\/","title":{"rendered":"k\u0131z elbisesi"},"content":{"rendered":"","protected":false},"excerpt":{"rendered":"<p>a\u00e7\u0131k ye\u015fil elbise<\/p>\n<p>100 pamuk<\/p>\n<p>&nbsp;<\/p>\n","protected":false},"featured_media":22305,"comment_status":"open","ping_status":"closed","template":"","meta":[],"product_cat":[454,456],"product_tag":[],"_links":{"self":[{"href":"https:\/\/aniviolina.com\/tr\/wp-json\/wp\/v2\/product\/24351"}],"collection":[{"href":"https:\/\/aniviolina.com\/tr\/wp-json\/wp\/v2\/product"}],"about":[{"href":"https:\/\/aniviolina.com\/tr\/wp-json\/wp\/v2\/types\/product"}],"replies":[{"embeddable":true,"href":"https:\/\/aniviolina.com\/tr\/wp-json\/wp\/v2\/comments?post=24351"}],"wp:featuredmedia":[{"embeddable":true,"href":"https:\/\/aniviolina.com\/tr\/wp-json\/wp\/v2\/media\/22305"}],"wp:attachment":[{"href":"https:\/\/aniviolina.com\/tr\/wp-json\/wp\/v2\/media?parent=24351"}],"wp:term":[{"taxonomy":"product_cat","embeddable":true,"href":"https:\/\/aniviolina.com\/tr\/wp-json\/wp\/v2\/product_cat?post=24351"},{"taxonomy":"product_tag","embeddable":true,"href":"https:\/\/aniviolina.com\/tr\/wp-json\/wp\/v2\/product_tag?post=24351"}],"curies":[{"name":"wp","href":"https:\/\/api.w.org\/{rel}","templated":true}]}}