{"id":24361,"date":"2023-10-25T09:48:05","date_gmt":"2023-10-25T09:48:05","guid":{"rendered":"https:\/\/aniviolina.com\/product\/ani-violina-tuz-lambasi-yunus-modeli-2-5-3kg\/"},"modified":"2023-10-25T09:48:05","modified_gmt":"2023-10-25T09:48:05","slug":"ani-violina-tuz-lambasi-yunus-modeli-2-5-3kg","status":"publish","type":"product","link":"https:\/\/aniviolina.com\/tr\/urun\/ani-violina-tuz-lambasi-yunus-modeli-2-5-3kg\/","title":{"rendered":"Ani-Violina Tuz lambas\u0131 &#8230; Yunus modeli  [2 .5-3kg]"},"content":{"rendered":"<p>100 otantik Naturel da\u011f tuzundan yap\u0131lm\u0131\u015ft\u0131r.<br \/>\nBu el yap\u0131m\u0131, g\u00fczel lamba size bir\u00e7ok a\u00e7\u0131dan fayda sa\u011flayabilir:<\/p>\n<p>* Ev dekorunuza g\u00fczel bir katk\u0131.<br \/>\n* Gev\u015femek i\u00e7in rahatlat\u0131c\u0131 ve yat\u0131\u015ft\u0131r\u0131c\u0131 bir atmosfer yarat\u0131r.<br \/>\n* Uyku kalitenizi art\u0131r\u0131r.<\/p>\n<p>*Negatif enerjiyi azalt\u0131n.<\/p>\n<p>*Ba\u011f\u0131\u015f\u0131kl\u0131\u011f\u0131 art\u0131r\u0131n.<\/p>\n","protected":false},"excerpt":{"rendered":"<p>Yunus tasar\u0131m\u0131<\/p>\n<p>2,5-3 kg<\/p>\n<p>kablo ve elektrik ampul\u00fc ile ah\u015fap bir kaide \u00fczerine sabitlenmi\u015ftir<\/p>\n","protected":false},"featured_media":22120,"comment_status":"open","ping_status":"closed","template":"","meta":[],"product_cat":[459,455,506,505,507],"product_tag":[],"_links":{"self":[{"href":"https:\/\/aniviolina.com\/tr\/wp-json\/wp\/v2\/product\/24361"}],"collection":[{"href":"https:\/\/aniviolina.com\/tr\/wp-json\/wp\/v2\/product"}],"about":[{"href":"https:\/\/aniviolina.com\/tr\/wp-json\/wp\/v2\/types\/product"}],"replies":[{"embeddable":true,"href":"https:\/\/aniviolina.com\/tr\/wp-json\/wp\/v2\/comments?post=24361"}],"wp:featuredmedia":[{"embeddable":true,"href":"https:\/\/aniviolina.com\/tr\/wp-json\/wp\/v2\/media\/22120"}],"wp:attachment":[{"href":"https:\/\/aniviolina.com\/tr\/wp-json\/wp\/v2\/media?parent=24361"}],"wp:term":[{"taxonomy":"product_cat","embeddable":true,"href":"https:\/\/aniviolina.com\/tr\/wp-json\/wp\/v2\/product_cat?post=24361"},{"taxonomy":"product_tag","embeddable":true,"href":"https:\/\/aniviolina.com\/tr\/wp-json\/wp\/v2\/product_tag?post=24361"}],"curies":[{"name":"wp","href":"https:\/\/api.w.org\/{rel}","templated":true}]}}