{"id":24363,"date":"2023-10-26T10:41:06","date_gmt":"2023-10-26T10:41:06","guid":{"rendered":"https:\/\/aniviolina.com\/product\/canlandirici-ve-gozenek-sikilastirici-glikolik-asit-mavi-tonik-200-ml\/"},"modified":"2023-10-26T10:41:06","modified_gmt":"2023-10-26T10:41:06","slug":"canlandirici-ve-gozenek-sikilastirici-glikolik-asit-mavi-tonik-200-ml","status":"publish","type":"product","link":"https:\/\/aniviolina.com\/tr\/urun\/canlandirici-ve-gozenek-sikilastirici-glikolik-asit-mavi-tonik-200-ml\/","title":{"rendered":"Canland\u0131r\u0131c\u0131 ve G\u00f6zenek S\u0131k\u0131la\u015ft\u0131r\u0131c\u0131 Glikolik Asit Mavi Tonik 200 Ml"},"content":{"rendered":"<p>Glikolik Asit Mavi Tonik cildi \u00f6l\u00fc deriden, ya\u011fdan, kirden ve makyaj kal\u0131nt\u0131lar\u0131ndan nazik\u00e7e temizlemeye, g\u00f6zeneklerin g\u00f6r\u00fcn\u00fcm\u00fcn\u00fc azaltmaya ve sebum salg\u0131s\u0131n\u0131 dengelemeye yard\u0131mc\u0131 olur. Cildi yenileyerek ya\u015flanma belirtilerine kar\u015f\u0131 korumada etkilidir.<\/p>\n<p>G\u00f6zenek problemi olan ciltler<br \/>\nYa\u011f dengeleme ihtiyac\u0131 olan ciltler<br \/>\nT\u00fcm cilt tipleri<\/p>\n","protected":false},"excerpt":{"rendered":"<p>Glikolik Asit Mavi Tonik cildi \u00f6l\u00fc deriden, ya\u011fdan, kirden ve makyaj kal\u0131nt\u0131lar\u0131ndan nazik\u00e7e temizlemeye, g\u00f6zeneklerin g\u00f6r\u00fcn\u00fcm\u00fcn\u00fc azaltmaya ve sebum salg\u0131s\u0131n\u0131 dengelemeye yard\u0131mc\u0131 olur. Cildi yenileyerek ya\u015flanma belirtilerine kar\u015f\u0131 korumada etkilidir. G\u00f6zenek problemi olan ciltler Ya\u011f dengeleme ihtiyac\u0131 olan ciltler T\u00fcm cilt tipleri<\/p>\n","protected":false},"featured_media":23770,"comment_status":"open","ping_status":"closed","template":"","meta":[],"product_cat":[531,530],"product_tag":[532],"_links":{"self":[{"href":"https:\/\/aniviolina.com\/tr\/wp-json\/wp\/v2\/product\/24363"}],"collection":[{"href":"https:\/\/aniviolina.com\/tr\/wp-json\/wp\/v2\/product"}],"about":[{"href":"https:\/\/aniviolina.com\/tr\/wp-json\/wp\/v2\/types\/product"}],"replies":[{"embeddable":true,"href":"https:\/\/aniviolina.com\/tr\/wp-json\/wp\/v2\/comments?post=24363"}],"wp:featuredmedia":[{"embeddable":true,"href":"https:\/\/aniviolina.com\/tr\/wp-json\/wp\/v2\/media\/23770"}],"wp:attachment":[{"href":"https:\/\/aniviolina.com\/tr\/wp-json\/wp\/v2\/media?parent=24363"}],"wp:term":[{"taxonomy":"product_cat","embeddable":true,"href":"https:\/\/aniviolina.com\/tr\/wp-json\/wp\/v2\/product_cat?post=24363"},{"taxonomy":"product_tag","embeddable":true,"href":"https:\/\/aniviolina.com\/tr\/wp-json\/wp\/v2\/product_tag?post=24363"}],"curies":[{"name":"wp","href":"https:\/\/api.w.org\/{rel}","templated":true}]}}