{"id":24366,"date":"2023-10-25T20:01:09","date_gmt":"2023-10-25T20:01:09","guid":{"rendered":"https:\/\/aniviolina.com\/product\/ani-violina-cam-tirnak-torpusu\/"},"modified":"2024-02-19T11:18:52","modified_gmt":"2024-02-19T11:18:52","slug":"ani-violina-cam-tirnak-torpusu","status":"publish","type":"product","link":"https:\/\/aniviolina.com\/tr\/urun\/ani-violina-cam-tirnak-torpusu\/","title":{"rendered":"Ani-Violina &#8230; Cam T\u0131rnak T\u00f6rp\u00fcs\u00fc"},"content":{"rendered":"","protected":false},"excerpt":{"rendered":"<p>cam t\u0131rnak parlat\u0131c\u0131 ve t\u00f6rp\u00fc<\/p>\n<p>&nbsp;<\/p>\n","protected":false},"featured_media":23644,"comment_status":"open","ping_status":"closed","template":"","meta":[],"product_cat":[481,535],"product_tag":[],"_links":{"self":[{"href":"https:\/\/aniviolina.com\/tr\/wp-json\/wp\/v2\/product\/24366"}],"collection":[{"href":"https:\/\/aniviolina.com\/tr\/wp-json\/wp\/v2\/product"}],"about":[{"href":"https:\/\/aniviolina.com\/tr\/wp-json\/wp\/v2\/types\/product"}],"replies":[{"embeddable":true,"href":"https:\/\/aniviolina.com\/tr\/wp-json\/wp\/v2\/comments?post=24366"}],"wp:featuredmedia":[{"embeddable":true,"href":"https:\/\/aniviolina.com\/tr\/wp-json\/wp\/v2\/media\/23644"}],"wp:attachment":[{"href":"https:\/\/aniviolina.com\/tr\/wp-json\/wp\/v2\/media?parent=24366"}],"wp:term":[{"taxonomy":"product_cat","embeddable":true,"href":"https:\/\/aniviolina.com\/tr\/wp-json\/wp\/v2\/product_cat?post=24366"},{"taxonomy":"product_tag","embeddable":true,"href":"https:\/\/aniviolina.com\/tr\/wp-json\/wp\/v2\/product_tag?post=24366"}],"curies":[{"name":"wp","href":"https:\/\/api.w.org\/{rel}","templated":true}]}}