{"id":24371,"date":"2023-10-26T10:07:26","date_gmt":"2023-10-26T10:07:26","guid":{"rendered":"https:\/\/aniviolina.com\/product\/kaya-tuzu-sabunu-oval-sekil\/"},"modified":"2023-10-26T10:07:26","modified_gmt":"2023-10-26T10:07:26","slug":"kaya-tuzu-sabunu-oval-sekil","status":"publish","type":"product","link":"https:\/\/aniviolina.com\/tr\/urun\/kaya-tuzu-sabunu-oval-sekil\/","title":{"rendered":"KAYA TUZU SABUNU &#8230; Oval \u015fekil"},"content":{"rendered":"<p>300 gm<\/p>\n<p>100 otantik Naturel da\u011f tuzundan yap\u0131lm\u0131\u015ft\u0131r.<\/p>\n<p>Cilt sorunlar\u0131n\u0131 ortadan kald\u0131rman\u0131n yan\u0131 s\u0131ra<br \/>\nSedef hastal\u0131\u011f\u0131, egzama, akne, sivilce gibi,<br \/>\nkepek kristal sabunu ayn\u0131 zamanda do\u011fal<br \/>\nderin \u00e7izgileri ortadan kald\u0131rarak onar\u0131m ve bak\u0131m<br \/>\nel ve y\u00fcz b\u00f6lgesi.<\/p>\n<p>sa\u011flamak<br \/>\nayn\u0131 zamanda v\u00fccudun nem dengesini<br \/>\nzaman, bu \u00fcr\u00fcn. g\u00f6zlemlenmi\u015f olan<br \/>\nciltteki renk tonu dalgalanmalar\u0131n\u0131 gidermek i\u00e7in<br \/>\nd\u00fczenli kullan\u0131mdan sonra<\/p>\n<p>Ayr\u0131ca<br \/>\n\u00e7ok faydal\u0131 bir<br \/>\nter kokular\u0131n\u0131 \u00f6nlemede etkili bir \u00fcr\u00fcnd\u00fcr. . Bir yandan<br \/>\nkullan\u0131lan b\u00f6lgelerde terleme devam eder.<br \/>\nyok etti\u011fi i\u00e7in ter kokusunu \u00f6nler.<br \/>\nk\u00f6t\u00fc kokuya neden olan bakteriler, kullan\u0131c\u0131<br \/>\nterleseler bile k\u00f6t\u00fc kokmazlar.<\/p>\n","protected":false},"excerpt":{"rendered":"<p>300 gm 100 otantik Naturel da\u011f tuzundan yap\u0131lm\u0131\u015ft\u0131r. Cilt sorunlar\u0131n\u0131 ortadan kald\u0131rman\u0131n yan\u0131 s\u0131ra Sedef hastal\u0131\u011f\u0131, egzama, akne, sivilce gibi, kepek kristal sabunu ayn\u0131 zamanda do\u011fal derin \u00e7izgileri ortadan kald\u0131rarak onar\u0131m ve bak\u0131m el ve y\u00fcz b\u00f6lgesi. sa\u011flamak ayn\u0131 zamanda v\u00fccudun nem dengesini zaman, bu \u00fcr\u00fcn. g\u00f6zlemlenmi\u015f olan ciltteki renk tonu dalgalanmalar\u0131n\u0131 gidermek i\u00e7in d\u00fczenli [&hellip;]<\/p>\n","protected":false},"featured_media":22127,"comment_status":"open","ping_status":"closed","template":"","meta":[],"product_cat":[531,530,507],"product_tag":[],"_links":{"self":[{"href":"https:\/\/aniviolina.com\/tr\/wp-json\/wp\/v2\/product\/24371"}],"collection":[{"href":"https:\/\/aniviolina.com\/tr\/wp-json\/wp\/v2\/product"}],"about":[{"href":"https:\/\/aniviolina.com\/tr\/wp-json\/wp\/v2\/types\/product"}],"replies":[{"embeddable":true,"href":"https:\/\/aniviolina.com\/tr\/wp-json\/wp\/v2\/comments?post=24371"}],"wp:featuredmedia":[{"embeddable":true,"href":"https:\/\/aniviolina.com\/tr\/wp-json\/wp\/v2\/media\/22127"}],"wp:attachment":[{"href":"https:\/\/aniviolina.com\/tr\/wp-json\/wp\/v2\/media?parent=24371"}],"wp:term":[{"taxonomy":"product_cat","embeddable":true,"href":"https:\/\/aniviolina.com\/tr\/wp-json\/wp\/v2\/product_cat?post=24371"},{"taxonomy":"product_tag","embeddable":true,"href":"https:\/\/aniviolina.com\/tr\/wp-json\/wp\/v2\/product_tag?post=24371"}],"curies":[{"name":"wp","href":"https:\/\/api.w.org\/{rel}","templated":true}]}}