{"id":24379,"date":"2023-01-03T15:52:38","date_gmt":"2023-01-03T15:52:38","guid":{"rendered":"https:\/\/aniviolina.com\/product\/el-yapimi-kutu\/"},"modified":"2023-01-03T15:52:38","modified_gmt":"2023-01-03T15:52:38","slug":"el-yapimi-kutu","status":"publish","type":"product","link":"https:\/\/aniviolina.com\/tr\/urun\/el-yapimi-kutu\/","title":{"rendered":"El Yap\u0131m\u0131 Kutu"},"content":{"rendered":"<p>ANI-VIOLINA taraf\u0131ndan El Yap\u0131m\u0131 Kutu.<\/p>\n","protected":false},"excerpt":{"rendered":"<p>ANI-VIOLINA taraf\u0131ndan El Yap\u0131m\u0131 Kutu.<\/p>\n","protected":false},"featured_media":21516,"comment_status":"open","ping_status":"closed","template":"","meta":[],"product_cat":[536,455,506,505],"product_tag":[558,557,552,556,559,555],"_links":{"self":[{"href":"https:\/\/aniviolina.com\/tr\/wp-json\/wp\/v2\/product\/24379"}],"collection":[{"href":"https:\/\/aniviolina.com\/tr\/wp-json\/wp\/v2\/product"}],"about":[{"href":"https:\/\/aniviolina.com\/tr\/wp-json\/wp\/v2\/types\/product"}],"replies":[{"embeddable":true,"href":"https:\/\/aniviolina.com\/tr\/wp-json\/wp\/v2\/comments?post=24379"}],"wp:featuredmedia":[{"embeddable":true,"href":"https:\/\/aniviolina.com\/tr\/wp-json\/wp\/v2\/media\/21516"}],"wp:attachment":[{"href":"https:\/\/aniviolina.com\/tr\/wp-json\/wp\/v2\/media?parent=24379"}],"wp:term":[{"taxonomy":"product_cat","embeddable":true,"href":"https:\/\/aniviolina.com\/tr\/wp-json\/wp\/v2\/product_cat?post=24379"},{"taxonomy":"product_tag","embeddable":true,"href":"https:\/\/aniviolina.com\/tr\/wp-json\/wp\/v2\/product_tag?post=24379"}],"curies":[{"name":"wp","href":"https:\/\/api.w.org\/{rel}","templated":true}]}}