{"id":24411,"date":"2023-01-03T15:48:17","date_gmt":"2023-01-03T15:48:17","guid":{"rendered":"https:\/\/aniviolina.com\/product\/el-yapimi-giysi-cantasi\/"},"modified":"2023-01-03T15:48:17","modified_gmt":"2023-01-03T15:48:17","slug":"el-yapimi-giysi-cantasi","status":"publish","type":"product","link":"https:\/\/aniviolina.com\/tr\/urun\/el-yapimi-giysi-cantasi\/","title":{"rendered":"El Yap\u0131m\u0131 Giysi \u00c7antas\u0131"},"content":{"rendered":"<p>ANI-VIOLINA taraf\u0131ndan El Yap\u0131m\u0131 Giysi \u00c7antas\u0131.<\/p>\n","protected":false},"excerpt":{"rendered":"<p>ANI-VIOLINA taraf\u0131ndan El Yap\u0131m\u0131 Giysi \u00c7antas\u0131.<\/p>\n","protected":false},"featured_media":23498,"comment_status":"open","ping_status":"closed","template":"","meta":[],"product_cat":[536,455,506],"product_tag":[558,584,557,552,556,555],"_links":{"self":[{"href":"https:\/\/aniviolina.com\/tr\/wp-json\/wp\/v2\/product\/24411"}],"collection":[{"href":"https:\/\/aniviolina.com\/tr\/wp-json\/wp\/v2\/product"}],"about":[{"href":"https:\/\/aniviolina.com\/tr\/wp-json\/wp\/v2\/types\/product"}],"replies":[{"embeddable":true,"href":"https:\/\/aniviolina.com\/tr\/wp-json\/wp\/v2\/comments?post=24411"}],"wp:featuredmedia":[{"embeddable":true,"href":"https:\/\/aniviolina.com\/tr\/wp-json\/wp\/v2\/media\/23498"}],"wp:attachment":[{"href":"https:\/\/aniviolina.com\/tr\/wp-json\/wp\/v2\/media?parent=24411"}],"wp:term":[{"taxonomy":"product_cat","embeddable":true,"href":"https:\/\/aniviolina.com\/tr\/wp-json\/wp\/v2\/product_cat?post=24411"},{"taxonomy":"product_tag","embeddable":true,"href":"https:\/\/aniviolina.com\/tr\/wp-json\/wp\/v2\/product_tag?post=24411"}],"curies":[{"name":"wp","href":"https:\/\/api.w.org\/{rel}","templated":true}]}}